{"id":528,"date":"2022-10-19T18:32:11","date_gmt":"2022-10-19T16:32:11","guid":{"rendered":"https:\/\/www.kreativnms-stockerau.at\/wordpress\/?page_id=528"},"modified":"2026-02-10T07:24:42","modified_gmt":"2026-02-10T06:24:42","slug":"unsere-schule","status":"publish","type":"page","link":"https:\/\/www.kreativnms-stockerau.at\/wordpress\/?page_id=528","title":{"rendered":"Unsere Schule"},"content":{"rendered":"<p><img loading=\"lazy\" decoding=\"async\" class=\"alignnone wp-image-2113\" src=\"https:\/\/www.kreativnms-stockerau.at\/wordpress\/wp-content\/uploads\/2025\/08\/NOeMS-1-e1756296461273.jpg\" alt=\"\" width=\"138\" height=\"200\" srcset=\"https:\/\/www.kreativnms-stockerau.at\/wordpress\/wp-content\/uploads\/2025\/08\/NOeMS-1-e1756296461273.jpg 865w, https:\/\/www.kreativnms-stockerau.at\/wordpress\/wp-content\/uploads\/2025\/08\/NOeMS-1-e1756296461273-207x300.jpg 207w, https:\/\/www.kreativnms-stockerau.at\/wordpress\/wp-content\/uploads\/2025\/08\/NOeMS-1-e1756296461273-706x1024.jpg 706w, https:\/\/www.kreativnms-stockerau.at\/wordpress\/wp-content\/uploads\/2025\/08\/NOeMS-1-e1756296461273-768x1113.jpg 768w\" sizes=\"(max-width: 138px) 100vw, 138px\" \/>\u00a0 \u00a0 \u00a0 <img loading=\"lazy\" decoding=\"async\" class=\"alignnone wp-image-2110\" src=\"https:\/\/www.kreativnms-stockerau.at\/wordpress\/wp-content\/uploads\/2025\/08\/Screenshot-2025-08-21-103829.png\" alt=\"\" width=\"371\" height=\"142\" srcset=\"https:\/\/www.kreativnms-stockerau.at\/wordpress\/wp-content\/uploads\/2025\/08\/Screenshot-2025-08-21-103829.png 474w, https:\/\/www.kreativnms-stockerau.at\/wordpress\/wp-content\/uploads\/2025\/08\/Screenshot-2025-08-21-103829-300x115.png 300w\" sizes=\"(max-width: 371px) 100vw, 371px\" \/><img loading=\"lazy\" decoding=\"async\" class=\"alignnone wp-image-1486\" src=\"https:\/\/www.kreativnms-stockerau.at\/wordpress\/wp-content\/uploads\/2024\/09\/Erste_Hilfe_Fit_Plakette_2024_2025.gif\" alt=\"\" width=\"186\" height=\"188\" \/><img loading=\"lazy\" decoding=\"async\" class=\"alignnone  wp-image-2244\" src=\"https:\/\/www.kreativnms-stockerau.at\/wordpress\/wp-content\/uploads\/2026\/02\/DIGI-Badge-Expert-25_26.png\" alt=\"\" width=\"166\" height=\"168\" srcset=\"https:\/\/www.kreativnms-stockerau.at\/wordpress\/wp-content\/uploads\/2026\/02\/DIGI-Badge-Expert-25_26.png 240w, https:\/\/www.kreativnms-stockerau.at\/wordpress\/wp-content\/uploads\/2026\/02\/DIGI-Badge-Expert-25_26-70x70.png 70w\" sizes=\"(max-width: 166px) 100vw, 166px\" \/><\/p>\n<p>Unsere Kreativ-Mittelschule liegt in der sch\u00f6nen Stadt Stockerau, die mit der Stockerauer Au ein wichtiges Erholungsgebiet beherbergt. Seit 1994 steht dieses Gebiet auch unter Naturschutz. Au\u00dferdem wird Stockerau auch \u201eLenaustadt\u201c genannt, da der Dichter Nikolaus Lenau in seiner Jugend hier oft Zeit bei seinen Gro\u00dfeltern verbrachte. Direkt vor unserer Schule kann das Lenaudenkmal betrachtet werden. Gegr\u00fcndet wurde die Schule durch Judith Schwarz. Sie war die Witwe von des Marktschreibers Ignaz Schwarz und gr\u00fcndete eine Stiftung, die den Betrieb einer Hauptschule in der &#8222;freien Marktgemeinde&#8220; Stockerau erm\u00f6glichte. Die heutige Kreativ-NMS Stockerau.<\/p>\n<ul>\n<li><a href=\"https:\/\/www.kreativnms-stockerau.at\/wordpress\/?page_id=685\">Das Leitbild der MS Stockerau<\/a><\/li>\n<li><a href=\"https:\/\/www.kreativnms-stockerau.at\/wordpress\/?page_id=688\">Das Team der MS Stockerau<\/a><\/li>\n<li><a href=\"https:\/\/www.kreativnms-stockerau.at\/wordpress\/?page_id=691\">Rundgang durch die MS Stockerau<\/a><\/li>\n<li><a href=\"https:\/\/www.kreativnms-stockerau.at\/wordpress\/?page_id=1258\">Bildungs- und Berufsorientierung<\/a><br \/>\n<span id=\"sample-permalink\"><\/span><\/li>\n<\/ul>\n","protected":false},"excerpt":{"rendered":"<p>\u00a0 \u00a0 \u00a0 Unsere Kreativ-Mittelschule liegt in der sch\u00f6nen Stadt Stockerau, die mit der Stockerauer Au ein wichtiges Erholungsgebiet beherbergt. &hellip; <\/p>\n","protected":false},"author":1,"featured_media":647,"parent":0,"menu_order":0,"comment_status":"closed","ping_status":"closed","template":"","meta":{"footnotes":""},"yoast_head":"<!-- This site is optimized with the Yoast SEO plugin v23.0 - https:\/\/yoast.com\/wordpress\/plugins\/seo\/ -->\n<title>Unsere Schule - Kreativ-Mittelschule Stockerau<\/title>\n<meta name=\"description\" content=\"Unsere Kreativ-Mittelschule liegt in Stockerau, direkt am Denkmal f\u00fcr den Dichter Nikolaus Lenau. Die Schule besteht seit dem Jahr 1778.\" \/>\n<meta name=\"robots\" content=\"index, follow, max-snippet:-1, max-image-preview:large, max-video-preview:-1\" \/>\n<link rel=\"canonical\" href=\"https:\/\/www.kreativnms-stockerau.at\/wordpress\/?page_id=528\" \/>\n<meta property=\"og:locale\" content=\"de_DE\" \/>\n<meta property=\"og:type\" content=\"article\" \/>\n<meta property=\"og:title\" content=\"Unsere Schule - Kreativ-Mittelschule Stockerau\" \/>\n<meta property=\"og:description\" content=\"Unsere Kreativ-Mittelschule liegt in Stockerau, direkt am Denkmal f\u00fcr den Dichter Nikolaus Lenau. Die Schule besteht seit dem Jahr 1778.\" \/>\n<meta property=\"og:url\" content=\"https:\/\/www.kreativnms-stockerau.at\/wordpress\/?page_id=528\" \/>\n<meta property=\"og:site_name\" content=\"Kreativ-Mittelschule Stockerau\" \/>\n<meta property=\"article:modified_time\" content=\"2026-02-10T06:24:42+00:00\" \/>\n<meta property=\"og:image\" content=\"https:\/\/www.kreativnms-stockerau.at\/wordpress\/wp-content\/uploads\/2022\/10\/IMG_5144-scaled.jpg\" \/>\n\t<meta property=\"og:image:width\" content=\"2560\" \/>\n\t<meta property=\"og:image:height\" content=\"1920\" \/>\n\t<meta property=\"og:image:type\" content=\"image\/jpeg\" \/>\n<meta name=\"twitter:card\" content=\"summary_large_image\" \/>\n<meta name=\"twitter:label1\" content=\"Gesch\u00e4tzte Lesezeit\" \/>\n\t<meta name=\"twitter:data1\" content=\"2\u00a0Minuten\" \/>\n<script type=\"application\/ld+json\" class=\"yoast-schema-graph\">{\"@context\":\"https:\/\/schema.org\",\"@graph\":[{\"@type\":\"WebPage\",\"@id\":\"https:\/\/www.kreativnms-stockerau.at\/wordpress\/?page_id=528\",\"url\":\"https:\/\/www.kreativnms-stockerau.at\/wordpress\/?page_id=528\",\"name\":\"Unsere Schule - Kreativ-Mittelschule Stockerau\",\"isPartOf\":{\"@id\":\"https:\/\/www.kreativnms-stockerau.at\/wordpress\/#website\"},\"primaryImageOfPage\":{\"@id\":\"https:\/\/www.kreativnms-stockerau.at\/wordpress\/?page_id=528#primaryimage\"},\"image\":{\"@id\":\"https:\/\/www.kreativnms-stockerau.at\/wordpress\/?page_id=528#primaryimage\"},\"thumbnailUrl\":\"https:\/\/www.kreativnms-stockerau.at\/wordpress\/wp-content\/uploads\/2022\/10\/IMG_5144-scaled.jpg\",\"datePublished\":\"2022-10-19T16:32:11+00:00\",\"dateModified\":\"2026-02-10T06:24:42+00:00\",\"description\":\"Unsere Kreativ-Mittelschule liegt in Stockerau, direkt am Denkmal f\u00fcr den Dichter Nikolaus Lenau. Die Schule besteht seit dem Jahr 1778.\",\"breadcrumb\":{\"@id\":\"https:\/\/www.kreativnms-stockerau.at\/wordpress\/?page_id=528#breadcrumb\"},\"inLanguage\":\"de\",\"potentialAction\":[{\"@type\":\"ReadAction\",\"target\":[\"https:\/\/www.kreativnms-stockerau.at\/wordpress\/?page_id=528\"]}]},{\"@type\":\"ImageObject\",\"inLanguage\":\"de\",\"@id\":\"https:\/\/www.kreativnms-stockerau.at\/wordpress\/?page_id=528#primaryimage\",\"url\":\"https:\/\/www.kreativnms-stockerau.at\/wordpress\/wp-content\/uploads\/2022\/10\/IMG_5144-scaled.jpg\",\"contentUrl\":\"https:\/\/www.kreativnms-stockerau.at\/wordpress\/wp-content\/uploads\/2022\/10\/IMG_5144-scaled.jpg\",\"width\":2560,\"height\":1920,\"caption\":\"NMS Stockerau\"},{\"@type\":\"BreadcrumbList\",\"@id\":\"https:\/\/www.kreativnms-stockerau.at\/wordpress\/?page_id=528#breadcrumb\",\"itemListElement\":[{\"@type\":\"ListItem\",\"position\":1,\"name\":\"Startseite\",\"item\":\"https:\/\/www.kreativnms-stockerau.at\/wordpress\/\"},{\"@type\":\"ListItem\",\"position\":2,\"name\":\"Unsere Schule\"}]},{\"@type\":\"WebSite\",\"@id\":\"https:\/\/www.kreativnms-stockerau.at\/wordpress\/#website\",\"url\":\"https:\/\/www.kreativnms-stockerau.at\/wordpress\/\",\"name\":\"Kreativ-Mittelschule Stockerau\",\"description\":\"\",\"publisher\":{\"@id\":\"https:\/\/www.kreativnms-stockerau.at\/wordpress\/#organization\"},\"potentialAction\":[{\"@type\":\"SearchAction\",\"target\":{\"@type\":\"EntryPoint\",\"urlTemplate\":\"https:\/\/www.kreativnms-stockerau.at\/wordpress\/?s={search_term_string}\"},\"query-input\":\"required name=search_term_string\"}],\"inLanguage\":\"de\"},{\"@type\":\"Organization\",\"@id\":\"https:\/\/www.kreativnms-stockerau.at\/wordpress\/#organization\",\"name\":\"Kreativ-Mittelschule Stockerau\",\"url\":\"https:\/\/www.kreativnms-stockerau.at\/wordpress\/\",\"logo\":{\"@type\":\"ImageObject\",\"inLanguage\":\"de\",\"@id\":\"https:\/\/www.kreativnms-stockerau.at\/wordpress\/#\/schema\/logo\/image\/\",\"url\":\"https:\/\/www.kreativnms-stockerau.at\/wordpress\/wp-content\/uploads\/2022\/10\/cropped-Logo-100x100px.png\",\"contentUrl\":\"https:\/\/www.kreativnms-stockerau.at\/wordpress\/wp-content\/uploads\/2022\/10\/cropped-Logo-100x100px.png\",\"width\":100,\"height\":100,\"caption\":\"Kreativ-Mittelschule Stockerau\"},\"image\":{\"@id\":\"https:\/\/www.kreativnms-stockerau.at\/wordpress\/#\/schema\/logo\/image\/\"}}]}<\/script>\n<!-- \/ Yoast SEO plugin. -->","yoast_head_json":{"title":"Unsere Schule - Kreativ-Mittelschule Stockerau","description":"Unsere Kreativ-Mittelschule liegt in Stockerau, direkt am Denkmal f\u00fcr den Dichter Nikolaus Lenau. Die Schule besteht seit dem Jahr 1778.","robots":{"index":"index","follow":"follow","max-snippet":"max-snippet:-1","max-image-preview":"max-image-preview:large","max-video-preview":"max-video-preview:-1"},"canonical":"https:\/\/www.kreativnms-stockerau.at\/wordpress\/?page_id=528","og_locale":"de_DE","og_type":"article","og_title":"Unsere Schule - Kreativ-Mittelschule Stockerau","og_description":"Unsere Kreativ-Mittelschule liegt in Stockerau, direkt am Denkmal f\u00fcr den Dichter Nikolaus Lenau. Die Schule besteht seit dem Jahr 1778.","og_url":"https:\/\/www.kreativnms-stockerau.at\/wordpress\/?page_id=528","og_site_name":"Kreativ-Mittelschule Stockerau","article_modified_time":"2026-02-10T06:24:42+00:00","og_image":[{"width":2560,"height":1920,"url":"https:\/\/www.kreativnms-stockerau.at\/wordpress\/wp-content\/uploads\/2022\/10\/IMG_5144-scaled.jpg","type":"image\/jpeg"}],"twitter_card":"summary_large_image","twitter_misc":{"Gesch\u00e4tzte Lesezeit":"2\u00a0Minuten"},"schema":{"@context":"https:\/\/schema.org","@graph":[{"@type":"WebPage","@id":"https:\/\/www.kreativnms-stockerau.at\/wordpress\/?page_id=528","url":"https:\/\/www.kreativnms-stockerau.at\/wordpress\/?page_id=528","name":"Unsere Schule - Kreativ-Mittelschule Stockerau","isPartOf":{"@id":"https:\/\/www.kreativnms-stockerau.at\/wordpress\/#website"},"primaryImageOfPage":{"@id":"https:\/\/www.kreativnms-stockerau.at\/wordpress\/?page_id=528#primaryimage"},"image":{"@id":"https:\/\/www.kreativnms-stockerau.at\/wordpress\/?page_id=528#primaryimage"},"thumbnailUrl":"https:\/\/www.kreativnms-stockerau.at\/wordpress\/wp-content\/uploads\/2022\/10\/IMG_5144-scaled.jpg","datePublished":"2022-10-19T16:32:11+00:00","dateModified":"2026-02-10T06:24:42+00:00","description":"Unsere Kreativ-Mittelschule liegt in Stockerau, direkt am Denkmal f\u00fcr den Dichter Nikolaus Lenau. Die Schule besteht seit dem Jahr 1778.","breadcrumb":{"@id":"https:\/\/www.kreativnms-stockerau.at\/wordpress\/?page_id=528#breadcrumb"},"inLanguage":"de","potentialAction":[{"@type":"ReadAction","target":["https:\/\/www.kreativnms-stockerau.at\/wordpress\/?page_id=528"]}]},{"@type":"ImageObject","inLanguage":"de","@id":"https:\/\/www.kreativnms-stockerau.at\/wordpress\/?page_id=528#primaryimage","url":"https:\/\/www.kreativnms-stockerau.at\/wordpress\/wp-content\/uploads\/2022\/10\/IMG_5144-scaled.jpg","contentUrl":"https:\/\/www.kreativnms-stockerau.at\/wordpress\/wp-content\/uploads\/2022\/10\/IMG_5144-scaled.jpg","width":2560,"height":1920,"caption":"NMS Stockerau"},{"@type":"BreadcrumbList","@id":"https:\/\/www.kreativnms-stockerau.at\/wordpress\/?page_id=528#breadcrumb","itemListElement":[{"@type":"ListItem","position":1,"name":"Startseite","item":"https:\/\/www.kreativnms-stockerau.at\/wordpress\/"},{"@type":"ListItem","position":2,"name":"Unsere Schule"}]},{"@type":"WebSite","@id":"https:\/\/www.kreativnms-stockerau.at\/wordpress\/#website","url":"https:\/\/www.kreativnms-stockerau.at\/wordpress\/","name":"Kreativ-Mittelschule Stockerau","description":"","publisher":{"@id":"https:\/\/www.kreativnms-stockerau.at\/wordpress\/#organization"},"potentialAction":[{"@type":"SearchAction","target":{"@type":"EntryPoint","urlTemplate":"https:\/\/www.kreativnms-stockerau.at\/wordpress\/?s={search_term_string}"},"query-input":"required name=search_term_string"}],"inLanguage":"de"},{"@type":"Organization","@id":"https:\/\/www.kreativnms-stockerau.at\/wordpress\/#organization","name":"Kreativ-Mittelschule Stockerau","url":"https:\/\/www.kreativnms-stockerau.at\/wordpress\/","logo":{"@type":"ImageObject","inLanguage":"de","@id":"https:\/\/www.kreativnms-stockerau.at\/wordpress\/#\/schema\/logo\/image\/","url":"https:\/\/www.kreativnms-stockerau.at\/wordpress\/wp-content\/uploads\/2022\/10\/cropped-Logo-100x100px.png","contentUrl":"https:\/\/www.kreativnms-stockerau.at\/wordpress\/wp-content\/uploads\/2022\/10\/cropped-Logo-100x100px.png","width":100,"height":100,"caption":"Kreativ-Mittelschule Stockerau"},"image":{"@id":"https:\/\/www.kreativnms-stockerau.at\/wordpress\/#\/schema\/logo\/image\/"}}]}},"_links":{"self":[{"href":"https:\/\/www.kreativnms-stockerau.at\/wordpress\/index.php?rest_route=\/wp\/v2\/pages\/528"}],"collection":[{"href":"https:\/\/www.kreativnms-stockerau.at\/wordpress\/index.php?rest_route=\/wp\/v2\/pages"}],"about":[{"href":"https:\/\/www.kreativnms-stockerau.at\/wordpress\/index.php?rest_route=\/wp\/v2\/types\/page"}],"author":[{"embeddable":true,"href":"https:\/\/www.kreativnms-stockerau.at\/wordpress\/index.php?rest_route=\/wp\/v2\/users\/1"}],"replies":[{"embeddable":true,"href":"https:\/\/www.kreativnms-stockerau.at\/wordpress\/index.php?rest_route=%2Fwp%2Fv2%2Fcomments&post=528"}],"version-history":[{"count":8,"href":"https:\/\/www.kreativnms-stockerau.at\/wordpress\/index.php?rest_route=\/wp\/v2\/pages\/528\/revisions"}],"predecessor-version":[{"id":2246,"href":"https:\/\/www.kreativnms-stockerau.at\/wordpress\/index.php?rest_route=\/wp\/v2\/pages\/528\/revisions\/2246"}],"wp:featuredmedia":[{"embeddable":true,"href":"https:\/\/www.kreativnms-stockerau.at\/wordpress\/index.php?rest_route=\/wp\/v2\/media\/647"}],"wp:attachment":[{"href":"https:\/\/www.kreativnms-stockerau.at\/wordpress\/index.php?rest_route=%2Fwp%2Fv2%2Fmedia&parent=528"}],"curies":[{"name":"wp","href":"https:\/\/api.w.org\/{rel}","templated":true}]}}