{"id":461,"date":"2022-10-17T19:28:04","date_gmt":"2022-10-17T17:28:04","guid":{"rendered":"https:\/\/www.kreativnms-stockerau.at\/wordpress\/?page_id=461"},"modified":"2025-01-22T13:08:20","modified_gmt":"2025-01-22T12:08:20","slug":"impressum","status":"publish","type":"page","link":"https:\/\/www.kreativnms-stockerau.at\/wordpress\/?page_id=461","title":{"rendered":"Impressum"},"content":{"rendered":"<h2>Herausgeber<\/h2>\n<p>N\u00d6 Kreativ-Mittelschule Stockerau<br \/>\nJudithastr. 1<br \/>\n2000 Stockerau<\/p>\n<p>Direktorin: Kerry Susan Smith<\/p>\n<p>Tel.: 02266\/6 2248<br \/>\nFax: 02266\/6 22 48-20<br \/>\nE-mail: direktion@kreativnms-stockerau.ac.at<\/p>\n<h2>Haftungsausschluss<\/h2>\n<p>Der Webauftritt der Kreativ-Mittelschule Stockerau hat das Ziel, die \u00d6ffentlichkeit \u00fcber das Bildungsangebot, das Personal und die Aktivit\u00e4ten der Schule zu informieren.<\/p>\n<p>Sollten Sie Fehler oder Irrt\u00fcmer auf der Site entdecken, bitten wir Sie, uns dar\u00fcber in Kenntnis zu setzen. Wir sind bestrebt, diese rasch zu berichtigen.<\/p>\n<h2>Inhalt des Onlineangebotes<\/h2>\n<p>Die Autoren \u00fcbernehmen keinerlei Gew\u00e4hr f\u00fcr die Aktualit\u00e4t, Korrektheit, Vollst\u00e4ndigkeit oder Qualit\u00e4t der bereitgestellten Informationen. Haftungsanspr\u00fcche gegen die Autoren, welche sich auf Sch\u00e4den materieller oder ideeller Art beziehen, die durch die Nutzung oder Nichtnutzung der dargebotenen Informationen bzw. durch die Nutzung fehlerhafter und unvollst\u00e4ndiger Informationen verursacht wurden, sind grunds\u00e4tzlich ausgeschlossen, sofern seitens der Autoren kein nachweislich vors\u00e4tzliches oder grob fahrl\u00e4ssiges Verschulden vorliegt.<\/p>\n<h2>Verweise und Links<\/h2>\n<p>Sofern auf Verweisziele (&#8222;Links&#8220;) direkt oder indirekt verwiesen wird, die au\u00dferhalb des Verantwortungsbereiches der Autoren liegen, haften diese nur dann, wenn sie von den Inhalten Kenntnis haben und es technisch m\u00f6glich und zumutbar w\u00e4re, die Nutzung im Falle rechtswidriger Inhalte zu verhindern. F\u00fcr dar\u00fcber hinausgehende Inhalte und insbesondere f\u00fcr Sch\u00e4den, die aus der Nutzung oder Nichtnutzung solcherart dargebotener Informationen entstehen, haftet allein der Anbieter dieser Seiten, nicht derjenige, der \u00fcber Links auf die jeweilige Ver\u00f6ffentlichung lediglich verweist. Diese Einschr\u00e4nkung gilt gleicherma\u00dfen auch f\u00fcr Fremdeintr\u00e4ge in auf dieser Site angebotenen G\u00e4steb\u00fcchern, Veranstaltungskalender, Kleinanzeigen, Diskussionsforen und Mailinglisten.<\/p>\n<p>Wir m\u00f6chten ausdr\u00fccklich betonen, dass wir keinerlei Einfluss auf die Gestaltung und die Inhalte der gelinkten Seiten haben. Deshalb distanzieren wir uns hiermit ausdr\u00fccklich von allen Inhalten aller gelinkten Seiten auf dieser gesamten Website inkl. aller Unterseiten. Diese Erkl\u00e4rung gilt f\u00fcr alle auf dieser Homepage angebrachten Links und f\u00fcr alle Inhalte der Seiten, zu denen Links oder Banner f\u00fchren.<\/p>\n<h2>Urheberrecht<\/h2>\n<p>Die Autoren sind bestrebt, in allen Publikationen die Urheberrechte der verwendeten Grafiken, Tondokumente, Videosequenzen und Texte zu beachten, von ihnen selbst erstellte Grafiken, Tondokumente, Videosequenzen und Texte zu nutzen oder auf lizenzfreie Grafiken, Tondokumente, Videosequenzen und Texte zur\u00fcckzugreifen. Sollte sich auf den jeweiligen Seiten dennoch eine ungekennzeichnete, aber durch fremdes Copyright gesch\u00fctzte Grafik, ein Tondokumente, Videosequenzen oder Text befinden, so konnte das Copyright vom Autor nicht festgestellt werden. Im Falle einer solchen unbeabsichtigten Copyrightverletzung wird das entsprechende Objekt nach Benachrichtigung entfernt bzw. mit dem entsprechenden Copyright kenntlich machen. Das Copyright f\u00fcr ver\u00f6ffentlichte, von den Autoren selbst erstellte Objekte bleibt allein beim jeweiligen Autor. Eine Vervielf\u00e4ltigung oder Verwendung solcher Grafiken, Tondokumente, Videosequenzen oder Texte in anderen elektronischen oder gedruckten Publikationen ist ohne ausdr\u00fcckliche Zustimmung des jeweiligen Autors nicht gestattet.<\/p>\n<h2>Rechtswirksamkeit dieses Haftungsausschlusses<\/h2>\n<p>Dieser Haftungsausschluss ist als Teil des Internetangebotes der Kreativ-Mittelschule Stockerau zu betrachten. Sofern Teile oder einzelne Formulierungen dieses Textes der geltenden Rechtslage nicht, nicht mehr oder nicht vollst\u00e4ndig entsprechen sollten, bleiben die \u00fcbrigen Teile des Dokumentes in ihrem Inhalt und ihrer G\u00fcltigkeit davon unber\u00fchrt.<\/p>\n","protected":false},"excerpt":{"rendered":"<p>Herausgeber N\u00d6 Kreativ-Mittelschule Stockerau Judithastr. 1 2000 Stockerau Direktorin: Kerry Susan Smith Tel.: 02266\/6 2248 Fax: 02266\/6 22 48-20 E-mail: &hellip; <\/p>\n","protected":false},"author":1,"featured_media":0,"parent":0,"menu_order":0,"comment_status":"closed","ping_status":"closed","template":"","meta":{"footnotes":""},"yoast_head":"<!-- This site is optimized with the Yoast SEO plugin v23.0 - https:\/\/yoast.com\/wordpress\/plugins\/seo\/ -->\n<title>Impressum - Kreativ-Mittelschule Stockerau<\/title>\n<meta name=\"robots\" content=\"index, follow, max-snippet:-1, max-image-preview:large, max-video-preview:-1\" \/>\n<link rel=\"canonical\" href=\"https:\/\/www.kreativnms-stockerau.at\/wordpress\/?page_id=461\" \/>\n<meta property=\"og:locale\" content=\"de_DE\" \/>\n<meta property=\"og:type\" content=\"article\" \/>\n<meta property=\"og:title\" content=\"Impressum - Kreativ-Mittelschule Stockerau\" \/>\n<meta property=\"og:description\" content=\"Herausgeber N\u00d6 Kreativ-Mittelschule Stockerau Judithastr. 1 2000 Stockerau Direktorin: Kerry Susan Smith Tel.: 02266\/6 2248 Fax: 02266\/6 22 48-20 E-mail: &hellip;\" \/>\n<meta property=\"og:url\" content=\"https:\/\/www.kreativnms-stockerau.at\/wordpress\/?page_id=461\" \/>\n<meta property=\"og:site_name\" content=\"Kreativ-Mittelschule Stockerau\" \/>\n<meta property=\"article:modified_time\" content=\"2025-01-22T12:08:20+00:00\" \/>\n<meta name=\"twitter:card\" content=\"summary_large_image\" \/>\n<meta name=\"twitter:label1\" content=\"Gesch\u00e4tzte Lesezeit\" \/>\n\t<meta name=\"twitter:data1\" content=\"3\u00a0Minuten\" \/>\n<script type=\"application\/ld+json\" class=\"yoast-schema-graph\">{\"@context\":\"https:\/\/schema.org\",\"@graph\":[{\"@type\":\"WebPage\",\"@id\":\"https:\/\/www.kreativnms-stockerau.at\/wordpress\/?page_id=461\",\"url\":\"https:\/\/www.kreativnms-stockerau.at\/wordpress\/?page_id=461\",\"name\":\"Impressum - Kreativ-Mittelschule Stockerau\",\"isPartOf\":{\"@id\":\"https:\/\/www.kreativnms-stockerau.at\/wordpress\/#website\"},\"datePublished\":\"2022-10-17T17:28:04+00:00\",\"dateModified\":\"2025-01-22T12:08:20+00:00\",\"breadcrumb\":{\"@id\":\"https:\/\/www.kreativnms-stockerau.at\/wordpress\/?page_id=461#breadcrumb\"},\"inLanguage\":\"de\",\"potentialAction\":[{\"@type\":\"ReadAction\",\"target\":[\"https:\/\/www.kreativnms-stockerau.at\/wordpress\/?page_id=461\"]}]},{\"@type\":\"BreadcrumbList\",\"@id\":\"https:\/\/www.kreativnms-stockerau.at\/wordpress\/?page_id=461#breadcrumb\",\"itemListElement\":[{\"@type\":\"ListItem\",\"position\":1,\"name\":\"Startseite\",\"item\":\"https:\/\/www.kreativnms-stockerau.at\/wordpress\/\"},{\"@type\":\"ListItem\",\"position\":2,\"name\":\"Impressum\"}]},{\"@type\":\"WebSite\",\"@id\":\"https:\/\/www.kreativnms-stockerau.at\/wordpress\/#website\",\"url\":\"https:\/\/www.kreativnms-stockerau.at\/wordpress\/\",\"name\":\"Kreativ-Mittelschule Stockerau\",\"description\":\"\",\"publisher\":{\"@id\":\"https:\/\/www.kreativnms-stockerau.at\/wordpress\/#organization\"},\"potentialAction\":[{\"@type\":\"SearchAction\",\"target\":{\"@type\":\"EntryPoint\",\"urlTemplate\":\"https:\/\/www.kreativnms-stockerau.at\/wordpress\/?s={search_term_string}\"},\"query-input\":\"required name=search_term_string\"}],\"inLanguage\":\"de\"},{\"@type\":\"Organization\",\"@id\":\"https:\/\/www.kreativnms-stockerau.at\/wordpress\/#organization\",\"name\":\"Kreativ-Mittelschule Stockerau\",\"url\":\"https:\/\/www.kreativnms-stockerau.at\/wordpress\/\",\"logo\":{\"@type\":\"ImageObject\",\"inLanguage\":\"de\",\"@id\":\"https:\/\/www.kreativnms-stockerau.at\/wordpress\/#\/schema\/logo\/image\/\",\"url\":\"https:\/\/www.kreativnms-stockerau.at\/wordpress\/wp-content\/uploads\/2022\/10\/cropped-Logo-100x100px.png\",\"contentUrl\":\"https:\/\/www.kreativnms-stockerau.at\/wordpress\/wp-content\/uploads\/2022\/10\/cropped-Logo-100x100px.png\",\"width\":100,\"height\":100,\"caption\":\"Kreativ-Mittelschule Stockerau\"},\"image\":{\"@id\":\"https:\/\/www.kreativnms-stockerau.at\/wordpress\/#\/schema\/logo\/image\/\"}}]}<\/script>\n<!-- \/ Yoast SEO plugin. -->","yoast_head_json":{"title":"Impressum - Kreativ-Mittelschule Stockerau","robots":{"index":"index","follow":"follow","max-snippet":"max-snippet:-1","max-image-preview":"max-image-preview:large","max-video-preview":"max-video-preview:-1"},"canonical":"https:\/\/www.kreativnms-stockerau.at\/wordpress\/?page_id=461","og_locale":"de_DE","og_type":"article","og_title":"Impressum - Kreativ-Mittelschule Stockerau","og_description":"Herausgeber N\u00d6 Kreativ-Mittelschule Stockerau Judithastr. 1 2000 Stockerau Direktorin: Kerry Susan Smith Tel.: 02266\/6 2248 Fax: 02266\/6 22 48-20 E-mail: &hellip;","og_url":"https:\/\/www.kreativnms-stockerau.at\/wordpress\/?page_id=461","og_site_name":"Kreativ-Mittelschule Stockerau","article_modified_time":"2025-01-22T12:08:20+00:00","twitter_card":"summary_large_image","twitter_misc":{"Gesch\u00e4tzte Lesezeit":"3\u00a0Minuten"},"schema":{"@context":"https:\/\/schema.org","@graph":[{"@type":"WebPage","@id":"https:\/\/www.kreativnms-stockerau.at\/wordpress\/?page_id=461","url":"https:\/\/www.kreativnms-stockerau.at\/wordpress\/?page_id=461","name":"Impressum - Kreativ-Mittelschule Stockerau","isPartOf":{"@id":"https:\/\/www.kreativnms-stockerau.at\/wordpress\/#website"},"datePublished":"2022-10-17T17:28:04+00:00","dateModified":"2025-01-22T12:08:20+00:00","breadcrumb":{"@id":"https:\/\/www.kreativnms-stockerau.at\/wordpress\/?page_id=461#breadcrumb"},"inLanguage":"de","potentialAction":[{"@type":"ReadAction","target":["https:\/\/www.kreativnms-stockerau.at\/wordpress\/?page_id=461"]}]},{"@type":"BreadcrumbList","@id":"https:\/\/www.kreativnms-stockerau.at\/wordpress\/?page_id=461#breadcrumb","itemListElement":[{"@type":"ListItem","position":1,"name":"Startseite","item":"https:\/\/www.kreativnms-stockerau.at\/wordpress\/"},{"@type":"ListItem","position":2,"name":"Impressum"}]},{"@type":"WebSite","@id":"https:\/\/www.kreativnms-stockerau.at\/wordpress\/#website","url":"https:\/\/www.kreativnms-stockerau.at\/wordpress\/","name":"Kreativ-Mittelschule Stockerau","description":"","publisher":{"@id":"https:\/\/www.kreativnms-stockerau.at\/wordpress\/#organization"},"potentialAction":[{"@type":"SearchAction","target":{"@type":"EntryPoint","urlTemplate":"https:\/\/www.kreativnms-stockerau.at\/wordpress\/?s={search_term_string}"},"query-input":"required name=search_term_string"}],"inLanguage":"de"},{"@type":"Organization","@id":"https:\/\/www.kreativnms-stockerau.at\/wordpress\/#organization","name":"Kreativ-Mittelschule Stockerau","url":"https:\/\/www.kreativnms-stockerau.at\/wordpress\/","logo":{"@type":"ImageObject","inLanguage":"de","@id":"https:\/\/www.kreativnms-stockerau.at\/wordpress\/#\/schema\/logo\/image\/","url":"https:\/\/www.kreativnms-stockerau.at\/wordpress\/wp-content\/uploads\/2022\/10\/cropped-Logo-100x100px.png","contentUrl":"https:\/\/www.kreativnms-stockerau.at\/wordpress\/wp-content\/uploads\/2022\/10\/cropped-Logo-100x100px.png","width":100,"height":100,"caption":"Kreativ-Mittelschule Stockerau"},"image":{"@id":"https:\/\/www.kreativnms-stockerau.at\/wordpress\/#\/schema\/logo\/image\/"}}]}},"_links":{"self":[{"href":"https:\/\/www.kreativnms-stockerau.at\/wordpress\/index.php?rest_route=\/wp\/v2\/pages\/461"}],"collection":[{"href":"https:\/\/www.kreativnms-stockerau.at\/wordpress\/index.php?rest_route=\/wp\/v2\/pages"}],"about":[{"href":"https:\/\/www.kreativnms-stockerau.at\/wordpress\/index.php?rest_route=\/wp\/v2\/types\/page"}],"author":[{"embeddable":true,"href":"https:\/\/www.kreativnms-stockerau.at\/wordpress\/index.php?rest_route=\/wp\/v2\/users\/1"}],"replies":[{"embeddable":true,"href":"https:\/\/www.kreativnms-stockerau.at\/wordpress\/index.php?rest_route=%2Fwp%2Fv2%2Fcomments&post=461"}],"version-history":[{"count":1,"href":"https:\/\/www.kreativnms-stockerau.at\/wordpress\/index.php?rest_route=\/wp\/v2\/pages\/461\/revisions"}],"predecessor-version":[{"id":1556,"href":"https:\/\/www.kreativnms-stockerau.at\/wordpress\/index.php?rest_route=\/wp\/v2\/pages\/461\/revisions\/1556"}],"wp:attachment":[{"href":"https:\/\/www.kreativnms-stockerau.at\/wordpress\/index.php?rest_route=%2Fwp%2Fv2%2Fmedia&parent=461"}],"curies":[{"name":"wp","href":"https:\/\/api.w.org\/{rel}","templated":true}]}}