{"id":1258,"date":"2024-02-12T18:21:35","date_gmt":"2024-02-12T17:21:35","guid":{"rendered":"https:\/\/www.kreativnms-stockerau.at\/wordpress\/?page_id=1258"},"modified":"2025-08-27T14:08:28","modified_gmt":"2025-08-27T12:08:28","slug":"bildungs-und-berufsorientierung","status":"publish","type":"page","link":"https:\/\/www.kreativnms-stockerau.at\/wordpress\/?page_id=1258","title":{"rendered":"Bildungs- und Berufsorientierung"},"content":{"rendered":"<p><img loading=\"lazy\" decoding=\"async\" class=\"alignnone size-full wp-image-1263\" src=\"https:\/\/www.kreativnms-stockerau.at\/wordpress\/wp-content\/uploads\/2024\/02\/Unbenannt-1.png\" alt=\"\" width=\"918\" height=\"518\" srcset=\"https:\/\/www.kreativnms-stockerau.at\/wordpress\/wp-content\/uploads\/2024\/02\/Unbenannt-1.png 918w, https:\/\/www.kreativnms-stockerau.at\/wordpress\/wp-content\/uploads\/2024\/02\/Unbenannt-1-300x169.png 300w, https:\/\/www.kreativnms-stockerau.at\/wordpress\/wp-content\/uploads\/2024\/02\/Unbenannt-1-768x433.png 768w, https:\/\/www.kreativnms-stockerau.at\/wordpress\/wp-content\/uploads\/2024\/02\/Unbenannt-1-848x480.png 848w\" sizes=\"(max-width: 918px) 100vw, 918px\" \/><\/p>\n<p>Bildungs- und Berufsorientierung ist uns ein gro\u00dfes Anliegen, weshalb wir bereits ab der 1. Klasse mit den Sch\u00fclerinnen und Sch\u00fclern zu diesem essentiellen Thema arbeiten. Dabei stehen die besonderen St\u00e4rken und F\u00e4higkeiten der Kinder im Fokus. Intensiviert wird der Bildungs- und Berufsorientierungsprozess in der 3. Klasse mit der Verbindlichen \u00dcbung &#8222;BBO&#8220;, welche einmal pro Woche den Bildungs- und Berufsprozess in den Mittelpunkt r\u00fcckt, sodass in der 4. Klasse wohl\u00fcberlegte und passende Entscheidungen getroffen werden k\u00f6nnen.<\/p>\n<p>Im BBO-Prozess steht den Sch\u00fclerInnen das engagierte Team der Schule zur Verf\u00fcgung: Ulrike Kral und Fiona Talkner als BBO-Lehrerinnen und Birgit Pacher als Sch\u00fcler- und Bildungsberaterin.<\/p>\n<p>Anhand vieler Realbegegnungen wie Workshops mit unseren Bildungspartnern Arbeiterkammer, Wirtschaftskammer und AMS, Betriebsbesuchen innerhalb des Girls\/Boys Day sowie unseres hauseigenen Abends der Schulen, unterst\u00fctzen wir ihr Kind im schwierigen Bildungs- und Berufsorientierungsprozess.<\/p>\n<p><img loading=\"lazy\" decoding=\"async\" class=\"alignnone size-full wp-image-2110\" src=\"https:\/\/www.kreativnms-stockerau.at\/wordpress\/wp-content\/uploads\/2025\/08\/Screenshot-2025-08-21-103829.png\" alt=\"\" width=\"474\" height=\"181\" srcset=\"https:\/\/www.kreativnms-stockerau.at\/wordpress\/wp-content\/uploads\/2025\/08\/Screenshot-2025-08-21-103829.png 474w, https:\/\/www.kreativnms-stockerau.at\/wordpress\/wp-content\/uploads\/2025\/08\/Screenshot-2025-08-21-103829-300x115.png 300w\" sizes=\"(max-width: 474px) 100vw, 474px\" \/><\/p>\n<p><img loading=\"lazy\" decoding=\"async\" class=\"alignnone wp-image-2113\" src=\"https:\/\/www.kreativnms-stockerau.at\/wordpress\/wp-content\/uploads\/2025\/08\/NOeMS-1.jpg\" alt=\"\" width=\"397\" height=\"561\" \/><\/p>\n","protected":false},"excerpt":{"rendered":"<p>Bildungs- und Berufsorientierung ist uns ein gro\u00dfes Anliegen, weshalb wir bereits ab der 1. Klasse mit den Sch\u00fclerinnen und Sch\u00fclern &hellip; <\/p>\n","protected":false},"author":1,"featured_media":0,"parent":0,"menu_order":0,"comment_status":"closed","ping_status":"closed","template":"","meta":{"footnotes":""},"yoast_head":"<!-- This site is optimized with the Yoast SEO plugin v23.0 - https:\/\/yoast.com\/wordpress\/plugins\/seo\/ -->\n<title>Bildungs- und Berufsorientierung - Kreativ-Mittelschule Stockerau<\/title>\n<meta name=\"robots\" content=\"index, follow, max-snippet:-1, max-image-preview:large, max-video-preview:-1\" \/>\n<link rel=\"canonical\" href=\"https:\/\/www.kreativnms-stockerau.at\/wordpress\/?page_id=1258\" \/>\n<meta property=\"og:locale\" content=\"de_DE\" \/>\n<meta property=\"og:type\" content=\"article\" \/>\n<meta property=\"og:title\" content=\"Bildungs- und Berufsorientierung - Kreativ-Mittelschule Stockerau\" \/>\n<meta property=\"og:description\" content=\"Bildungs- und Berufsorientierung ist uns ein gro\u00dfes Anliegen, weshalb wir bereits ab der 1. Klasse mit den Sch\u00fclerinnen und Sch\u00fclern &hellip;\" \/>\n<meta property=\"og:url\" content=\"https:\/\/www.kreativnms-stockerau.at\/wordpress\/?page_id=1258\" \/>\n<meta property=\"og:site_name\" content=\"Kreativ-Mittelschule Stockerau\" \/>\n<meta property=\"article:modified_time\" content=\"2025-08-27T12:08:28+00:00\" \/>\n<meta property=\"og:image\" content=\"https:\/\/www.kreativnms-stockerau.at\/wordpress\/wp-content\/uploads\/2024\/02\/Unbenannt-1.png\" \/>\n<meta name=\"twitter:card\" content=\"summary_large_image\" \/>\n<meta name=\"twitter:label1\" content=\"Gesch\u00e4tzte Lesezeit\" \/>\n\t<meta name=\"twitter:data1\" content=\"2\u00a0Minuten\" \/>\n<script type=\"application\/ld+json\" class=\"yoast-schema-graph\">{\"@context\":\"https:\/\/schema.org\",\"@graph\":[{\"@type\":\"WebPage\",\"@id\":\"https:\/\/www.kreativnms-stockerau.at\/wordpress\/?page_id=1258\",\"url\":\"https:\/\/www.kreativnms-stockerau.at\/wordpress\/?page_id=1258\",\"name\":\"Bildungs- und Berufsorientierung - Kreativ-Mittelschule Stockerau\",\"isPartOf\":{\"@id\":\"https:\/\/www.kreativnms-stockerau.at\/wordpress\/#website\"},\"primaryImageOfPage\":{\"@id\":\"https:\/\/www.kreativnms-stockerau.at\/wordpress\/?page_id=1258#primaryimage\"},\"image\":{\"@id\":\"https:\/\/www.kreativnms-stockerau.at\/wordpress\/?page_id=1258#primaryimage\"},\"thumbnailUrl\":\"https:\/\/www.kreativnms-stockerau.at\/wordpress\/wp-content\/uploads\/2024\/02\/Unbenannt-1.png\",\"datePublished\":\"2024-02-12T17:21:35+00:00\",\"dateModified\":\"2025-08-27T12:08:28+00:00\",\"breadcrumb\":{\"@id\":\"https:\/\/www.kreativnms-stockerau.at\/wordpress\/?page_id=1258#breadcrumb\"},\"inLanguage\":\"de\",\"potentialAction\":[{\"@type\":\"ReadAction\",\"target\":[\"https:\/\/www.kreativnms-stockerau.at\/wordpress\/?page_id=1258\"]}]},{\"@type\":\"ImageObject\",\"inLanguage\":\"de\",\"@id\":\"https:\/\/www.kreativnms-stockerau.at\/wordpress\/?page_id=1258#primaryimage\",\"url\":\"https:\/\/www.kreativnms-stockerau.at\/wordpress\/wp-content\/uploads\/2024\/02\/Unbenannt-1.png\",\"contentUrl\":\"https:\/\/www.kreativnms-stockerau.at\/wordpress\/wp-content\/uploads\/2024\/02\/Unbenannt-1.png\"},{\"@type\":\"BreadcrumbList\",\"@id\":\"https:\/\/www.kreativnms-stockerau.at\/wordpress\/?page_id=1258#breadcrumb\",\"itemListElement\":[{\"@type\":\"ListItem\",\"position\":1,\"name\":\"Startseite\",\"item\":\"https:\/\/www.kreativnms-stockerau.at\/wordpress\/\"},{\"@type\":\"ListItem\",\"position\":2,\"name\":\"Bildungs- und Berufsorientierung\"}]},{\"@type\":\"WebSite\",\"@id\":\"https:\/\/www.kreativnms-stockerau.at\/wordpress\/#website\",\"url\":\"https:\/\/www.kreativnms-stockerau.at\/wordpress\/\",\"name\":\"Kreativ-Mittelschule Stockerau\",\"description\":\"\",\"publisher\":{\"@id\":\"https:\/\/www.kreativnms-stockerau.at\/wordpress\/#organization\"},\"potentialAction\":[{\"@type\":\"SearchAction\",\"target\":{\"@type\":\"EntryPoint\",\"urlTemplate\":\"https:\/\/www.kreativnms-stockerau.at\/wordpress\/?s={search_term_string}\"},\"query-input\":\"required name=search_term_string\"}],\"inLanguage\":\"de\"},{\"@type\":\"Organization\",\"@id\":\"https:\/\/www.kreativnms-stockerau.at\/wordpress\/#organization\",\"name\":\"Kreativ-Mittelschule Stockerau\",\"url\":\"https:\/\/www.kreativnms-stockerau.at\/wordpress\/\",\"logo\":{\"@type\":\"ImageObject\",\"inLanguage\":\"de\",\"@id\":\"https:\/\/www.kreativnms-stockerau.at\/wordpress\/#\/schema\/logo\/image\/\",\"url\":\"https:\/\/www.kreativnms-stockerau.at\/wordpress\/wp-content\/uploads\/2022\/10\/cropped-Logo-100x100px.png\",\"contentUrl\":\"https:\/\/www.kreativnms-stockerau.at\/wordpress\/wp-content\/uploads\/2022\/10\/cropped-Logo-100x100px.png\",\"width\":100,\"height\":100,\"caption\":\"Kreativ-Mittelschule Stockerau\"},\"image\":{\"@id\":\"https:\/\/www.kreativnms-stockerau.at\/wordpress\/#\/schema\/logo\/image\/\"}}]}<\/script>\n<!-- \/ Yoast SEO plugin. -->","yoast_head_json":{"title":"Bildungs- und Berufsorientierung - Kreativ-Mittelschule Stockerau","robots":{"index":"index","follow":"follow","max-snippet":"max-snippet:-1","max-image-preview":"max-image-preview:large","max-video-preview":"max-video-preview:-1"},"canonical":"https:\/\/www.kreativnms-stockerau.at\/wordpress\/?page_id=1258","og_locale":"de_DE","og_type":"article","og_title":"Bildungs- und Berufsorientierung - Kreativ-Mittelschule Stockerau","og_description":"Bildungs- und Berufsorientierung ist uns ein gro\u00dfes Anliegen, weshalb wir bereits ab der 1. Klasse mit den Sch\u00fclerinnen und Sch\u00fclern &hellip;","og_url":"https:\/\/www.kreativnms-stockerau.at\/wordpress\/?page_id=1258","og_site_name":"Kreativ-Mittelschule Stockerau","article_modified_time":"2025-08-27T12:08:28+00:00","og_image":[{"url":"https:\/\/www.kreativnms-stockerau.at\/wordpress\/wp-content\/uploads\/2024\/02\/Unbenannt-1.png"}],"twitter_card":"summary_large_image","twitter_misc":{"Gesch\u00e4tzte Lesezeit":"2\u00a0Minuten"},"schema":{"@context":"https:\/\/schema.org","@graph":[{"@type":"WebPage","@id":"https:\/\/www.kreativnms-stockerau.at\/wordpress\/?page_id=1258","url":"https:\/\/www.kreativnms-stockerau.at\/wordpress\/?page_id=1258","name":"Bildungs- und Berufsorientierung - Kreativ-Mittelschule Stockerau","isPartOf":{"@id":"https:\/\/www.kreativnms-stockerau.at\/wordpress\/#website"},"primaryImageOfPage":{"@id":"https:\/\/www.kreativnms-stockerau.at\/wordpress\/?page_id=1258#primaryimage"},"image":{"@id":"https:\/\/www.kreativnms-stockerau.at\/wordpress\/?page_id=1258#primaryimage"},"thumbnailUrl":"https:\/\/www.kreativnms-stockerau.at\/wordpress\/wp-content\/uploads\/2024\/02\/Unbenannt-1.png","datePublished":"2024-02-12T17:21:35+00:00","dateModified":"2025-08-27T12:08:28+00:00","breadcrumb":{"@id":"https:\/\/www.kreativnms-stockerau.at\/wordpress\/?page_id=1258#breadcrumb"},"inLanguage":"de","potentialAction":[{"@type":"ReadAction","target":["https:\/\/www.kreativnms-stockerau.at\/wordpress\/?page_id=1258"]}]},{"@type":"ImageObject","inLanguage":"de","@id":"https:\/\/www.kreativnms-stockerau.at\/wordpress\/?page_id=1258#primaryimage","url":"https:\/\/www.kreativnms-stockerau.at\/wordpress\/wp-content\/uploads\/2024\/02\/Unbenannt-1.png","contentUrl":"https:\/\/www.kreativnms-stockerau.at\/wordpress\/wp-content\/uploads\/2024\/02\/Unbenannt-1.png"},{"@type":"BreadcrumbList","@id":"https:\/\/www.kreativnms-stockerau.at\/wordpress\/?page_id=1258#breadcrumb","itemListElement":[{"@type":"ListItem","position":1,"name":"Startseite","item":"https:\/\/www.kreativnms-stockerau.at\/wordpress\/"},{"@type":"ListItem","position":2,"name":"Bildungs- und Berufsorientierung"}]},{"@type":"WebSite","@id":"https:\/\/www.kreativnms-stockerau.at\/wordpress\/#website","url":"https:\/\/www.kreativnms-stockerau.at\/wordpress\/","name":"Kreativ-Mittelschule Stockerau","description":"","publisher":{"@id":"https:\/\/www.kreativnms-stockerau.at\/wordpress\/#organization"},"potentialAction":[{"@type":"SearchAction","target":{"@type":"EntryPoint","urlTemplate":"https:\/\/www.kreativnms-stockerau.at\/wordpress\/?s={search_term_string}"},"query-input":"required name=search_term_string"}],"inLanguage":"de"},{"@type":"Organization","@id":"https:\/\/www.kreativnms-stockerau.at\/wordpress\/#organization","name":"Kreativ-Mittelschule Stockerau","url":"https:\/\/www.kreativnms-stockerau.at\/wordpress\/","logo":{"@type":"ImageObject","inLanguage":"de","@id":"https:\/\/www.kreativnms-stockerau.at\/wordpress\/#\/schema\/logo\/image\/","url":"https:\/\/www.kreativnms-stockerau.at\/wordpress\/wp-content\/uploads\/2022\/10\/cropped-Logo-100x100px.png","contentUrl":"https:\/\/www.kreativnms-stockerau.at\/wordpress\/wp-content\/uploads\/2022\/10\/cropped-Logo-100x100px.png","width":100,"height":100,"caption":"Kreativ-Mittelschule Stockerau"},"image":{"@id":"https:\/\/www.kreativnms-stockerau.at\/wordpress\/#\/schema\/logo\/image\/"}}]}},"_links":{"self":[{"href":"https:\/\/www.kreativnms-stockerau.at\/wordpress\/index.php?rest_route=\/wp\/v2\/pages\/1258"}],"collection":[{"href":"https:\/\/www.kreativnms-stockerau.at\/wordpress\/index.php?rest_route=\/wp\/v2\/pages"}],"about":[{"href":"https:\/\/www.kreativnms-stockerau.at\/wordpress\/index.php?rest_route=\/wp\/v2\/types\/page"}],"author":[{"embeddable":true,"href":"https:\/\/www.kreativnms-stockerau.at\/wordpress\/index.php?rest_route=\/wp\/v2\/users\/1"}],"replies":[{"embeddable":true,"href":"https:\/\/www.kreativnms-stockerau.at\/wordpress\/index.php?rest_route=%2Fwp%2Fv2%2Fcomments&post=1258"}],"version-history":[{"count":3,"href":"https:\/\/www.kreativnms-stockerau.at\/wordpress\/index.php?rest_route=\/wp\/v2\/pages\/1258\/revisions"}],"predecessor-version":[{"id":2115,"href":"https:\/\/www.kreativnms-stockerau.at\/wordpress\/index.php?rest_route=\/wp\/v2\/pages\/1258\/revisions\/2115"}],"wp:attachment":[{"href":"https:\/\/www.kreativnms-stockerau.at\/wordpress\/index.php?rest_route=%2Fwp%2Fv2%2Fmedia&parent=1258"}],"curies":[{"name":"wp","href":"https:\/\/api.w.org\/{rel}","templated":true}]}}